{"id":1268,"date":"2023-09-06T00:00:18","date_gmt":"2023-09-06T00:00:18","guid":{"rendered":"https:\/\/www.glamperception.com\/?post_type=product&#038;p=1268"},"modified":"2025-10-31T18:56:25","modified_gmt":"2025-10-31T18:56:25","slug":"revitalizing-cleanser","status":"publish","type":"product","link":"https:\/\/www.glamperception.com\/es\/producto\/revitalizing-cleanser\/","title":{"rendered":"Revitalizing Cleanser"},"content":{"rendered":"<p>&nbsp;<\/p>\n<p>&nbsp;<\/p>\n<p style=\"text-align: center;\"><strong>INGREDIENTES<\/strong><\/p>\n<p>Agua, olefina sulfonato de sodio C14-16, cocamidopropil beta\u00edna, laureth sulfosuccinato dis\u00f3dico, diestearato de glicol, extracto de levadura, extracto de salvia sclarea (clara), extracto de ra\u00edz de Kaempferia galanga, extracto de germen de triticum vulgare (trigo), semilla de Aesculus hippocastanum (casta\u00f1o de indias) Extracto, extracto de ra\u00edz de Glycyrrhiza Glabra (regaliz), extracto de hoja de Olea Europaea (olivo), extracto de hoja\/tallo de Hedera Helix (hiedra), extracto de ra\u00edz de Arctium Lappa, aceite de c\u00e1scara de Citrus Aurantium Dulcis (naranja), aceite de Prunus Amygdalus Dulcis (almendra dulce) , Aceite de c\u00e1scara de Citrus Grandis (pomelo), Aceite de Citrus Aurantifolia (Lima), Aceite de ra\u00edz de Zingiber Officinale (jengibre), Aceite de fruta Citrus Aurantium Bergamia (bergamota), Aceite de Mentha Piperita (menta), Pantenol, Niacinamida, Glicerina, Mentol, Metil- cloroisotiazolinona, metilisotiazolinona, EDTA tetras\u00f3dico.<\/p>","protected":false},"excerpt":{"rendered":"<p>El limpiador diario hidratante y suave, sin sulfatos ni parabenos, contiene 11 aceites esenciales y extractos bot\u00e1nicos para limpiar, acondicionar, tonificar y revitalizar la piel sensible dej\u00e1ndola suave, tersa y flexible. La espuma ligera protege la barrera natural de la piel, evitando que la piel se seque excesivamente. Los aceites y extractos bot\u00e1nicos brindan una protecci\u00f3n antioxidante superior para combatir los factores estresantes ambientales, como los radicales libres y el da\u00f1o solar, que provocan el envejecimiento prematuro de la piel.<\/p>","protected":false},"featured_media":1245,"comment_status":"open","ping_status":"closed","template":"","meta":[],"product_brand":[],"product_cat":[20,39],"product_tag":[],"class_list":{"0":"post-1268","1":"product","2":"type-product","3":"status-publish","4":"has-post-thumbnail","6":"product_cat-face","7":"product_cat-glam-perception","9":"first","10":"instock","11":"taxable","12":"shipping-taxable","13":"purchasable","14":"product-type-simple"},"_links":{"self":[{"href":"https:\/\/www.glamperception.com\/es\/wp-json\/wp\/v2\/product\/1268","targetHints":{"allow":["GET"]}}],"collection":[{"href":"https:\/\/www.glamperception.com\/es\/wp-json\/wp\/v2\/product"}],"about":[{"href":"https:\/\/www.glamperception.com\/es\/wp-json\/wp\/v2\/types\/product"}],"replies":[{"embeddable":true,"href":"https:\/\/www.glamperception.com\/es\/wp-json\/wp\/v2\/comments?post=1268"}],"wp:featuredmedia":[{"embeddable":true,"href":"https:\/\/www.glamperception.com\/es\/wp-json\/wp\/v2\/media\/1245"}],"wp:attachment":[{"href":"https:\/\/www.glamperception.com\/es\/wp-json\/wp\/v2\/media?parent=1268"}],"wp:term":[{"taxonomy":"product_brand","embeddable":true,"href":"https:\/\/www.glamperception.com\/es\/wp-json\/wp\/v2\/product_brand?post=1268"},{"taxonomy":"product_cat","embeddable":true,"href":"https:\/\/www.glamperception.com\/es\/wp-json\/wp\/v2\/product_cat?post=1268"},{"taxonomy":"product_tag","embeddable":true,"href":"https:\/\/www.glamperception.com\/es\/wp-json\/wp\/v2\/product_tag?post=1268"}],"curies":[{"name":"wp","href":"https:\/\/api.w.org\/{rel}","templated":true}]}}