{"id":1264,"date":"2023-09-05T23:57:45","date_gmt":"2023-09-05T23:57:45","guid":{"rendered":"https:\/\/www.glamperception.com\/?post_type=product&#038;p=1264"},"modified":"2023-09-06T08:38:01","modified_gmt":"2023-09-06T08:38:01","slug":"ga-15","status":"publish","type":"product","link":"https:\/\/www.glamperception.com\/es\/producto\/ga-15\/","title":{"rendered":"GA-15"},"content":{"rendered":"<p>&nbsp;<\/p>\n<p>&nbsp;<\/p>\n<p style=\"text-align: center;\"><strong>INGREDIENTES<\/strong><\/p>\n<p>Agua\/Aqua\/Eau, \u00e1cido glic\u00f3lico, \u00e1cido este\u00e1rico, glicerina, extracto de fruta Pyrus Malus (manzana), estearato PEG-100, estearato PEG-40, alcohol estear\u00edlico, palmitato de isopropilo, extracto de Opuntia Ficus-Indica (nopal), Saccharamyces cerevisiae. Extracto, Acetato de Tocoferilo (Vitamina E), Ciclopentasiloxano, Ciclohexasiloxano, Alanto\u00edna, Goma Xantana, Hidr\u00f3xido de Sodio, Etilhexilglicerina, Fenoxietano.<\/p>","protected":false},"excerpt":{"rendered":"<p>Derivado naturalmente de la ca\u00f1a de az\u00facar, GA-15 es un exfoliante rico y emoliente que contiene una forma micromolecular de alfa hidroxi\u00e1cido, \u00e1cido glic\u00f3lico, para corregir los signos visibles del fotoenvejecimiento, incluida la piel apagada y \u00e1spera. Esta f\u00f3rmula extrafuerte mejora el cutis en general, ya que suaviza de forma segura y agresiva las l\u00edneas finas y arrugas, corrige la pigmentaci\u00f3n desigual y las manchas de la edad y reduce dr\u00e1sticamente el tama\u00f1o de los poros. GA-15 tambi\u00e9n promueve el crecimiento natural de col\u00e1geno y la producci\u00f3n de c\u00e9lulas para una piel m\u00e1s joven y saludable. Formulado con una combinaci\u00f3n de \u00e1cido glic\u00f3lico, extracto de cactus y otros ingredientes bot\u00e1nicos, GA-15 aumenta la protecci\u00f3n de la piel contra factores ambientales da\u00f1inos, exfolia las c\u00e9lulas muertas, calma la piel y mejora la apariencia de la piel da\u00f1ada por el sol. Esta f\u00f3rmula no grasa ni irritante act\u00faa eficazmente en la piel madura para proporcionar acciones correctivas contra el fotoenvejecimiento, estimular el crecimiento de col\u00e1geno y reducir notablemente las l\u00edneas finas y las arrugas.<\/p>","protected":false},"featured_media":1248,"comment_status":"open","ping_status":"closed","template":"","meta":[],"product_brand":[],"product_cat":[20,39],"product_tag":[],"class_list":{"0":"post-1264","1":"product","2":"type-product","3":"status-publish","4":"has-post-thumbnail","6":"product_cat-face","7":"product_cat-glam-perception","9":"first","10":"instock","11":"taxable","12":"shipping-taxable","13":"purchasable","14":"product-type-simple"},"_links":{"self":[{"href":"https:\/\/www.glamperception.com\/es\/wp-json\/wp\/v2\/product\/1264","targetHints":{"allow":["GET"]}}],"collection":[{"href":"https:\/\/www.glamperception.com\/es\/wp-json\/wp\/v2\/product"}],"about":[{"href":"https:\/\/www.glamperception.com\/es\/wp-json\/wp\/v2\/types\/product"}],"replies":[{"embeddable":true,"href":"https:\/\/www.glamperception.com\/es\/wp-json\/wp\/v2\/comments?post=1264"}],"wp:featuredmedia":[{"embeddable":true,"href":"https:\/\/www.glamperception.com\/es\/wp-json\/wp\/v2\/media\/1248"}],"wp:attachment":[{"href":"https:\/\/www.glamperception.com\/es\/wp-json\/wp\/v2\/media?parent=1264"}],"wp:term":[{"taxonomy":"product_brand","embeddable":true,"href":"https:\/\/www.glamperception.com\/es\/wp-json\/wp\/v2\/product_brand?post=1264"},{"taxonomy":"product_cat","embeddable":true,"href":"https:\/\/www.glamperception.com\/es\/wp-json\/wp\/v2\/product_cat?post=1264"},{"taxonomy":"product_tag","embeddable":true,"href":"https:\/\/www.glamperception.com\/es\/wp-json\/wp\/v2\/product_tag?post=1264"}],"curies":[{"name":"wp","href":"https:\/\/api.w.org\/{rel}","templated":true}]}}