{"id":1260,"date":"2023-09-05T23:44:56","date_gmt":"2023-09-05T23:44:56","guid":{"rendered":"https:\/\/www.glamperception.com\/?post_type=product&#038;p=1260"},"modified":"2025-10-31T19:42:52","modified_gmt":"2025-10-31T19:42:52","slug":"beta-enzyme-cleanser","status":"publish","type":"product","link":"https:\/\/www.glamperception.com\/es\/producto\/beta-enzyme-cleanser\/","title":{"rendered":"Beta Enzyme Cleanser"},"content":{"rendered":"<p>&nbsp;<\/p>\n<p>&nbsp;<\/p>\n<p style=\"text-align: center;\"><strong>INGREDIENTES<\/strong><\/p>\n<p>Agua\/Aqua\/Eau, Sulfonato de olefina C14-16 de sodio, Cocamidopropil beta\u00edna, Cloruro de sodio, Laureth sulfosuccinato dis\u00f3dico, Aceite de c\u00e1scara de naranja (Citrus Aurantium Dulcis), Extracto de fruta de papaya (Carica Papaya), Extracto de flor de cal\u00e9ndula (Calendula Officinalis), Aceite de t\u00e9 (Camellia Oleifera), extracto de hoja de regaliz (Glycyrrhiza Glabra), extracto de hoja de aloe vera (Aloe barbadensis), matricaria<br \/>\n.<\/p>","protected":false},"excerpt":{"rendered":"<p>Formulado sin parabenos ni sulfatos, este limpiador es lo suficientemente suave para el uso diario, a la vez que es lo suficientemente activo como para brindar beneficios de luminosidad a pr\u00e1cticamente todos los tipos de piel. La combinaci\u00f3n de enzimas de papaya y \u00e1cido salic\u00edlico act\u00faa para eliminar las c\u00e9lulas muertas de la piel. Elimina eficazmente el maquillaje y las impurezas que se encuentran en la superficie de la piel, reviviendo la piel seca y envejecida. Estimula la producci\u00f3n de nuevas c\u00e9lulas y brinda una tez m\u00e1s brillante y clara, lo que hace de este producto un complemento ideal para cualquier r\u00e9gimen.<\/p>","protected":false},"featured_media":1251,"comment_status":"open","ping_status":"closed","template":"","meta":[],"product_brand":[],"product_cat":[20,39],"product_tag":[],"class_list":{"0":"post-1260","1":"product","2":"type-product","3":"status-publish","4":"has-post-thumbnail","6":"product_cat-face","7":"product_cat-glam-perception","9":"first","10":"instock","11":"taxable","12":"shipping-taxable","13":"purchasable","14":"product-type-simple"},"_links":{"self":[{"href":"https:\/\/www.glamperception.com\/es\/wp-json\/wp\/v2\/product\/1260","targetHints":{"allow":["GET"]}}],"collection":[{"href":"https:\/\/www.glamperception.com\/es\/wp-json\/wp\/v2\/product"}],"about":[{"href":"https:\/\/www.glamperception.com\/es\/wp-json\/wp\/v2\/types\/product"}],"replies":[{"embeddable":true,"href":"https:\/\/www.glamperception.com\/es\/wp-json\/wp\/v2\/comments?post=1260"}],"wp:featuredmedia":[{"embeddable":true,"href":"https:\/\/www.glamperception.com\/es\/wp-json\/wp\/v2\/media\/1251"}],"wp:attachment":[{"href":"https:\/\/www.glamperception.com\/es\/wp-json\/wp\/v2\/media?parent=1260"}],"wp:term":[{"taxonomy":"product_brand","embeddable":true,"href":"https:\/\/www.glamperception.com\/es\/wp-json\/wp\/v2\/product_brand?post=1260"},{"taxonomy":"product_cat","embeddable":true,"href":"https:\/\/www.glamperception.com\/es\/wp-json\/wp\/v2\/product_cat?post=1260"},{"taxonomy":"product_tag","embeddable":true,"href":"https:\/\/www.glamperception.com\/es\/wp-json\/wp\/v2\/product_tag?post=1260"}],"curies":[{"name":"wp","href":"https:\/\/api.w.org\/{rel}","templated":true}]}}