{"id":1259,"date":"2023-09-05T23:43:52","date_gmt":"2023-09-05T23:43:52","guid":{"rendered":"https:\/\/www.glamperception.com\/?post_type=product&#038;p=1259"},"modified":"2023-09-06T08:23:01","modified_gmt":"2023-09-06T08:23:01","slug":"reflenish-shampoo","status":"publish","type":"product","link":"https:\/\/www.glamperception.com\/es\/producto\/reflenish-shampoo\/","title":{"rendered":"Reflenish Shampoo"},"content":{"rendered":"<p>&nbsp;<\/p>\n<p>&nbsp;<\/p>\n<p style=\"text-align: center;\"><strong>INGREDIENTES<\/strong><\/p>\n<p>Agua\/Aqua\/Eau, Sulfonato de olefina C14-16 de sodio, Cocamidopropil beta\u00edna, Cloruro de sodio, Diestearato de glicol, Extracto de flor de Matricaria (Chamomilla recutita), Extracto de l\u00fapulo (Humulus lupulus), Extracto de hoja de salvia (Salvia officinalis), Tr\u00e9bol (Trifolium pratense) Extracto de flor, acetil tetrap\u00e9ptido-3, glicerina, prote\u00edna vegetal hidrolizada PG-propil silanetriol, butilenglicol, cloruro de guar hidroxipropiltrimonio, laureth sulfosuccinato dis\u00f3dico, EDTA dis\u00f3dico, dextrano, \u00e1cido c\u00edtrico, sorbato de potasio, fenoxietanol, metilcloroisotiazolinano, metilisotiazolinona.<\/p>","protected":false},"excerpt":{"rendered":"<p>&nbsp;<\/p>\n<p>Crea un ambiente limpio y saludable para el crecimiento y la restauraci\u00f3n del cabello. Agrega plenitud al cabello fino y sin vida, al expandir el eje de los fol\u00edculos pilosos individuales, dejando el cabello con cuerpo, volumen y brillo saludables. Lo suficientemente suave para el uso diario.<\/p>","protected":false},"featured_media":1252,"comment_status":"open","ping_status":"closed","template":"","meta":[],"product_brand":[],"product_cat":[26,20,39,23],"product_tag":[],"class_list":{"0":"post-1259","1":"product","2":"type-product","3":"status-publish","4":"has-post-thumbnail","6":"product_cat-body","7":"product_cat-face","8":"product_cat-glam-perception","9":"product_cat-neck","11":"first","12":"instock","13":"taxable","14":"shipping-taxable","15":"purchasable","16":"product-type-simple"},"_links":{"self":[{"href":"https:\/\/www.glamperception.com\/es\/wp-json\/wp\/v2\/product\/1259","targetHints":{"allow":["GET"]}}],"collection":[{"href":"https:\/\/www.glamperception.com\/es\/wp-json\/wp\/v2\/product"}],"about":[{"href":"https:\/\/www.glamperception.com\/es\/wp-json\/wp\/v2\/types\/product"}],"replies":[{"embeddable":true,"href":"https:\/\/www.glamperception.com\/es\/wp-json\/wp\/v2\/comments?post=1259"}],"wp:featuredmedia":[{"embeddable":true,"href":"https:\/\/www.glamperception.com\/es\/wp-json\/wp\/v2\/media\/1252"}],"wp:attachment":[{"href":"https:\/\/www.glamperception.com\/es\/wp-json\/wp\/v2\/media?parent=1259"}],"wp:term":[{"taxonomy":"product_brand","embeddable":true,"href":"https:\/\/www.glamperception.com\/es\/wp-json\/wp\/v2\/product_brand?post=1259"},{"taxonomy":"product_cat","embeddable":true,"href":"https:\/\/www.glamperception.com\/es\/wp-json\/wp\/v2\/product_cat?post=1259"},{"taxonomy":"product_tag","embeddable":true,"href":"https:\/\/www.glamperception.com\/es\/wp-json\/wp\/v2\/product_tag?post=1259"}],"curies":[{"name":"wp","href":"https:\/\/api.w.org\/{rel}","templated":true}]}}