{"id":1257,"date":"2023-09-05T23:39:09","date_gmt":"2023-09-05T23:39:09","guid":{"rendered":"https:\/\/www.glamperception.com\/?post_type=product&#038;p=1257"},"modified":"2025-10-31T18:47:20","modified_gmt":"2025-10-31T18:47:20","slug":"clear-defense","status":"publish","type":"product","link":"https:\/\/www.glamperception.com\/es\/producto\/clear-defense\/","title":{"rendered":"Clear Defense"},"content":{"rendered":"<p>&nbsp;<\/p>\n<p>&nbsp;<\/p>\n<p style=\"text-align: center;\"><strong>INGREDIENTES<\/strong><\/p>\n<p><strong>Ingrediente Activo:<\/strong>: \u00d3xido de Zinc 12,0%, Octinoxato 7,5%.\u00a0 <strong>Ingredientes Inactivos<\/strong>: Agua, ciclopentasiloxano, niacinamida (vitamina B3), fosfato de olet-3, neopentanoato de octildodecilo, acrilato de hidroxietilo\/copol\u00edmero de acriloildimetiltaurato de sodio, poliisobuteno, \u00e9ter de coco de trimetilolpropano PEG-7, glicerina, acetato de tocoferilo (vitamina E), extracto de Polygonum Aviculare (Knotweed) , Hialuronato de sodio (\u00e1cido hialur\u00f3nico), EDTA dis\u00f3dico, hidr\u00f3xido de sodio, \u00e1cido c\u00edtrico, fenoxietanol, etilhexilglicerina, poligliceril-3 polidimetilsiloxietil dimeticona, trietoxisililetilpolidimetilsiloxietil hexil dimeticona, trietoxicaprililsilano.<\/p>","protected":false},"excerpt":{"rendered":"<p>Clear Defense contiene una mezcla innovadora de ingredientes activos. Protege la piel de m\u00faltiples factores extr\u00ednsecos que se sabe que causan envejecimiento prematuro, incluidos los rayos UVA, UVB y la radiaci\u00f3n infrarroja. Al ofrecer una nueva estrategia en protecci\u00f3n solar, Clear Defense brindar\u00e1 el mayor nivel posible de protecci\u00f3n mientras devuelve la juventud a la piel. Derivado del extracto de Knotweed, nuestro activo de base bot\u00e1nica es el primero de su tipo y previene el da\u00f1o de la radiaci\u00f3n infrarroja, que se cree que es tan perjudicial para la salud de la piel como los rayos UVA y UVB. Este SPF de r\u00e1pida absorci\u00f3n tambi\u00e9n presenta un alto nivel de niacinamida para promover una tez m\u00e1s suave y clara.<\/p>","protected":false},"featured_media":1254,"comment_status":"open","ping_status":"closed","template":"","meta":[],"product_brand":[],"product_cat":[20,39],"product_tag":[],"class_list":{"0":"post-1257","1":"product","2":"type-product","3":"status-publish","4":"has-post-thumbnail","6":"product_cat-face","7":"product_cat-glam-perception","9":"first","10":"instock","11":"taxable","12":"shipping-taxable","13":"purchasable","14":"product-type-simple"},"_links":{"self":[{"href":"https:\/\/www.glamperception.com\/es\/wp-json\/wp\/v2\/product\/1257","targetHints":{"allow":["GET"]}}],"collection":[{"href":"https:\/\/www.glamperception.com\/es\/wp-json\/wp\/v2\/product"}],"about":[{"href":"https:\/\/www.glamperception.com\/es\/wp-json\/wp\/v2\/types\/product"}],"replies":[{"embeddable":true,"href":"https:\/\/www.glamperception.com\/es\/wp-json\/wp\/v2\/comments?post=1257"}],"wp:featuredmedia":[{"embeddable":true,"href":"https:\/\/www.glamperception.com\/es\/wp-json\/wp\/v2\/media\/1254"}],"wp:attachment":[{"href":"https:\/\/www.glamperception.com\/es\/wp-json\/wp\/v2\/media?parent=1257"}],"wp:term":[{"taxonomy":"product_brand","embeddable":true,"href":"https:\/\/www.glamperception.com\/es\/wp-json\/wp\/v2\/product_brand?post=1257"},{"taxonomy":"product_cat","embeddable":true,"href":"https:\/\/www.glamperception.com\/es\/wp-json\/wp\/v2\/product_cat?post=1257"},{"taxonomy":"product_tag","embeddable":true,"href":"https:\/\/www.glamperception.com\/es\/wp-json\/wp\/v2\/product_tag?post=1257"}],"curies":[{"name":"wp","href":"https:\/\/api.w.org\/{rel}","templated":true}]}}