{"id":1187,"date":"2023-08-18T17:10:54","date_gmt":"2023-08-18T17:10:54","guid":{"rendered":"https:\/\/www.glamperception.com\/?post_type=product&#038;p=1187"},"modified":"2023-09-06T01:38:42","modified_gmt":"2023-09-06T01:38:42","slug":"phytoquinone-fader","status":"publish","type":"product","link":"https:\/\/www.glamperception.com\/es\/producto\/phytoquinone-fader\/","title":{"rendered":"PhytoQuinone Fader"},"content":{"rendered":"<p>&nbsp;<\/p>\n<p>&nbsp;<\/p>\n<p style=\"text-align: center;\"><strong>INGREDIENTES<\/strong><\/p>\n<p>Extracto de fruta de Pyrus Malus (manzana), extracto de brote de Lepidium Sativum (berro), extracto de Palmaria palmata, extracto de hoja de Aloe Barbadensis, extracto de Punica granatum (granada), geniste\u00edna, lecitina, pantenol (provitamina B5), \u00e1cido k\u00f3jico.<\/p>","protected":false},"excerpt":{"rendered":"<p>PhytoQuinone Fader es un producto iluminador de la piel sin hidroquinona que contiene varios agentes bot\u00e1nicos para aclarar la piel, incluido el \u00e1cido k\u00f3jico, para proporcionar un efecto potente sobre la pigmentaci\u00f3n y las manchas de la edad que se encuentran en la piel. La mezcla patentada crea un enfoque espec\u00edfico para aclarar la piel, desvaneciendo eficazmente las manchas de la edad m\u00e1s que la piel circundante normalmente pigmentada. El \u00e1cido k\u00f3jico, que se encuentra en PhytoQuinone Fader, es eficaz para iluminar el tono desigual de la piel. Adem\u00e1s, el extracto de berro act\u00faa sin\u00e9rgicamente para proporcionar un efecto aclarador espec\u00edfico sobre las manchas de la edad. Adem\u00e1s, PhytoQuinone Fader est\u00e1 formulado con extractos de manzana, algas y granada, que brindan protecci\u00f3n antioxidante y capacidad para aclarar la piel, protecci\u00f3n contra factores estresantes ambientales como los radicales libres y el da\u00f1o solar. El pantenol, tambi\u00e9n conocido como provitamina B5, mejora la apariencia de la piel, abordando la textura y los niveles de humedad. Los agentes calmantes para la piel, como el aloe, ofrecen propiedades calmantes para calmar la irritaci\u00f3n y la inflamaci\u00f3n. La formulaci\u00f3n sin\u00e9rgica de PhytoQuinone Fader da como resultado un tono de piel visiblemente m\u00e1s brillante y uniforme al eliminar las manchas oscuras con \u00e9xito a trav\u00e9s de agentes aclaradores y brinda una poderosa protecci\u00f3n antioxidante que intercepta la futura pigmentaci\u00f3n relacionada con el sol.<\/p>","protected":false},"featured_media":1183,"comment_status":"open","ping_status":"closed","template":"","meta":[],"product_brand":[],"product_cat":[20,39],"product_tag":[],"class_list":{"0":"post-1187","1":"product","2":"type-product","3":"status-publish","4":"has-post-thumbnail","6":"product_cat-face","7":"product_cat-glam-perception","9":"first","10":"instock","11":"taxable","12":"shipping-taxable","13":"purchasable","14":"product-type-simple"},"_links":{"self":[{"href":"https:\/\/www.glamperception.com\/es\/wp-json\/wp\/v2\/product\/1187","targetHints":{"allow":["GET"]}}],"collection":[{"href":"https:\/\/www.glamperception.com\/es\/wp-json\/wp\/v2\/product"}],"about":[{"href":"https:\/\/www.glamperception.com\/es\/wp-json\/wp\/v2\/types\/product"}],"replies":[{"embeddable":true,"href":"https:\/\/www.glamperception.com\/es\/wp-json\/wp\/v2\/comments?post=1187"}],"wp:featuredmedia":[{"embeddable":true,"href":"https:\/\/www.glamperception.com\/es\/wp-json\/wp\/v2\/media\/1183"}],"wp:attachment":[{"href":"https:\/\/www.glamperception.com\/es\/wp-json\/wp\/v2\/media?parent=1187"}],"wp:term":[{"taxonomy":"product_brand","embeddable":true,"href":"https:\/\/www.glamperception.com\/es\/wp-json\/wp\/v2\/product_brand?post=1187"},{"taxonomy":"product_cat","embeddable":true,"href":"https:\/\/www.glamperception.com\/es\/wp-json\/wp\/v2\/product_cat?post=1187"},{"taxonomy":"product_tag","embeddable":true,"href":"https:\/\/www.glamperception.com\/es\/wp-json\/wp\/v2\/product_tag?post=1187"}],"curies":[{"name":"wp","href":"https:\/\/api.w.org\/{rel}","templated":true}]}}