{"id":1182,"date":"2023-08-18T17:06:44","date_gmt":"2023-08-18T17:06:44","guid":{"rendered":"https:\/\/www.glamperception.com\/?post_type=product&#038;p=1182"},"modified":"2025-10-31T19:46:42","modified_gmt":"2025-10-31T19:46:42","slug":"radiant-c-cream","status":"publish","type":"product","link":"https:\/\/www.glamperception.com\/es\/producto\/radiant-c-cream\/","title":{"rendered":"Radiant-C Cream"},"content":{"rendered":"<p>&nbsp;<\/p>\n<p>&nbsp;<\/p>\n<p style=\"text-align: center;\"><strong>INGREDIENTES<\/strong><\/p>\n<p>Agua desionizada, glicerina, palmitato de isopropilo, triglic\u00e9rido capr\u00edlico\/c\u00e1prico, diestearato de glicol, alcohol cet\u00edlico, \u00e1cido este\u00e1rico, tetrahexildecilascorbato (vitamina C), lecitina, gluc\u00f3sido de ascorbilo (vitamina C), fosfato de ascorbilo y magnesio (vitamina C), ascorbilo de sodio Fosfato (vitamina C), tocoferol (vitamina E), dimeticona, estearato de sorbit\u00e1n, palmitato de ascorbilo (vitamina C), extracto de fruta Citrus Medica Limonum (lim\u00f3n), extracto de fruta Citrus Aurantium (naranja), alanto\u00edna, bisabolol, etilhexilglicerina, fenoxietanol, titanio Di\u00f3xido, BHT, carb\u00f3mero, trietanolamina, EDTA tetras\u00f3dico, fragancia.<\/p>","protected":false},"excerpt":{"rendered":"<p>La crema de vitamina C rica, potente, multiactiva y antioxidante brinda espectaculares beneficios para iluminar la piel y antienvejecimiento. Adem\u00e1s, este producto antioxidante de gran eficacia combate los efectos del envejecimiento provocado por los radicales libres y el estr\u00e9s oxidativo.<\/p>","protected":false},"featured_media":1215,"comment_status":"open","ping_status":"closed","template":"","meta":[],"product_brand":[],"product_cat":[20,39],"product_tag":[],"class_list":{"0":"post-1182","1":"product","2":"type-product","3":"status-publish","4":"has-post-thumbnail","6":"product_cat-face","7":"product_cat-glam-perception","9":"first","10":"instock","11":"taxable","12":"shipping-taxable","13":"purchasable","14":"product-type-simple"},"_links":{"self":[{"href":"https:\/\/www.glamperception.com\/es\/wp-json\/wp\/v2\/product\/1182","targetHints":{"allow":["GET"]}}],"collection":[{"href":"https:\/\/www.glamperception.com\/es\/wp-json\/wp\/v2\/product"}],"about":[{"href":"https:\/\/www.glamperception.com\/es\/wp-json\/wp\/v2\/types\/product"}],"replies":[{"embeddable":true,"href":"https:\/\/www.glamperception.com\/es\/wp-json\/wp\/v2\/comments?post=1182"}],"wp:featuredmedia":[{"embeddable":true,"href":"https:\/\/www.glamperception.com\/es\/wp-json\/wp\/v2\/media\/1215"}],"wp:attachment":[{"href":"https:\/\/www.glamperception.com\/es\/wp-json\/wp\/v2\/media?parent=1182"}],"wp:term":[{"taxonomy":"product_brand","embeddable":true,"href":"https:\/\/www.glamperception.com\/es\/wp-json\/wp\/v2\/product_brand?post=1182"},{"taxonomy":"product_cat","embeddable":true,"href":"https:\/\/www.glamperception.com\/es\/wp-json\/wp\/v2\/product_cat?post=1182"},{"taxonomy":"product_tag","embeddable":true,"href":"https:\/\/www.glamperception.com\/es\/wp-json\/wp\/v2\/product_tag?post=1182"}],"curies":[{"name":"wp","href":"https:\/\/api.w.org\/{rel}","templated":true}]}}