{"id":1175,"date":"2023-08-14T14:48:05","date_gmt":"2023-08-14T14:48:05","guid":{"rendered":"https:\/\/www.glamperception.com\/?post_type=product&#038;p=1175"},"modified":"2023-09-06T01:38:24","modified_gmt":"2023-09-06T01:38:24","slug":"ha-phsysical-tint","status":"publish","type":"product","link":"https:\/\/www.glamperception.com\/es\/producto\/ha-phsysical-tint\/","title":{"rendered":"HA Phsysical Tint"},"content":{"rendered":"<p>&nbsp;<\/p>\n<p style=\"text-align: center;\"><strong>INGREDIENTES<\/strong><\/p>\n<p>&nbsp;<\/p>\n<p style=\"text-align: center;\">Agua, ciclopentasiloxano, benzoato de alquilo C12-15, meticona de caprililo, \u00f3xidos de hierro, glicerina, polidimetilsiloxietilo de lauril PEG-9, neopentanoato de octildodecilo, dimeticona, al\u00famina, cloruro de sodio, hialuronato de sodio, tocoferol, palmitato de ascorbilo, etilhexilglicerina, meticona, trieth oxisililetilo Polidimetilsiloxietilo Hexil Dimeticona, Poligliceril-3 Polidimetilsiloxietilo Dimeticona, Dimeticona \/PEG-10\/15 Pol\u00edmero cruzado, Hectorita de diesteardimonio, Carbonato de propileno, \u00c1cido polihidroxieste\u00e1rico, Trietoxicaprililsilano, Fenoxietano.<\/p>","protected":false},"excerpt":{"rendered":"<p>HA Physical Tint es un protector solar f\u00edsico resistente al agua que presenta una base humectante con un tinte puro y universal beneficioso para la mayor\u00eda de los tipos de piel. Formulado como una alternativa libre de qu\u00edmicos a la protecci\u00f3n solar, HA Physical Tint es una excelente opci\u00f3n incluso para los tipos de piel m\u00e1s sensibles, incluso despu\u00e9s del procedimiento. El \u00f3xido de zinc al 10 % y el di\u00f3xido de titanio al 5,5 % brindan protecci\u00f3n contra los rayos UVA que envejecen y los rayos UVB. Adem\u00e1s de la protecci\u00f3n solar a base de minerales, este protector solar suave tambi\u00e9n contiene \u00e1cido hialur\u00f3nico que hidrata eficazmente la piel para restaurar una apariencia juvenil. Este producto es lo suficientemente liviano para usarlo solo o debajo del maquillaje para la protecci\u00f3n diaria.<\/p>","protected":false},"featured_media":1213,"comment_status":"open","ping_status":"closed","template":"","meta":[],"product_brand":[],"product_cat":[20,39],"product_tag":[],"class_list":{"0":"post-1175","1":"product","2":"type-product","3":"status-publish","4":"has-post-thumbnail","6":"product_cat-face","7":"product_cat-glam-perception","9":"first","10":"instock","11":"taxable","12":"shipping-taxable","13":"purchasable","14":"product-type-simple"},"_links":{"self":[{"href":"https:\/\/www.glamperception.com\/es\/wp-json\/wp\/v2\/product\/1175","targetHints":{"allow":["GET"]}}],"collection":[{"href":"https:\/\/www.glamperception.com\/es\/wp-json\/wp\/v2\/product"}],"about":[{"href":"https:\/\/www.glamperception.com\/es\/wp-json\/wp\/v2\/types\/product"}],"replies":[{"embeddable":true,"href":"https:\/\/www.glamperception.com\/es\/wp-json\/wp\/v2\/comments?post=1175"}],"wp:featuredmedia":[{"embeddable":true,"href":"https:\/\/www.glamperception.com\/es\/wp-json\/wp\/v2\/media\/1213"}],"wp:attachment":[{"href":"https:\/\/www.glamperception.com\/es\/wp-json\/wp\/v2\/media?parent=1175"}],"wp:term":[{"taxonomy":"product_brand","embeddable":true,"href":"https:\/\/www.glamperception.com\/es\/wp-json\/wp\/v2\/product_brand?post=1175"},{"taxonomy":"product_cat","embeddable":true,"href":"https:\/\/www.glamperception.com\/es\/wp-json\/wp\/v2\/product_cat?post=1175"},{"taxonomy":"product_tag","embeddable":true,"href":"https:\/\/www.glamperception.com\/es\/wp-json\/wp\/v2\/product_tag?post=1175"}],"curies":[{"name":"wp","href":"https:\/\/api.w.org\/{rel}","templated":true}]}}