{"id":1174,"date":"2023-08-14T14:38:09","date_gmt":"2023-08-14T14:38:09","guid":{"rendered":"https:\/\/www.glamperception.com\/?post_type=product&#038;p=1174"},"modified":"2025-10-31T18:41:40","modified_gmt":"2025-10-31T18:41:40","slug":"intensive-recovery-cream","status":"publish","type":"product","link":"https:\/\/www.glamperception.com\/es\/producto\/intensive-recovery-cream\/","title":{"rendered":"Intensive Recovery Cream"},"content":{"rendered":"<p>&nbsp;<\/p>\n<p>&nbsp;<\/p>\n<p style=\"text-align: center;\"><strong>INGREDIENTES<\/strong><\/p>\n<p>Agua\/Aqua\/Eau, glicerina, capr\u00edlico\/triglic\u00e9rido c\u00e1prico, dimeticona, alcohol cet\u00edlico, palmitato de isopropilo, estearato de glicerilo, estearato de PEG-100, \u00e1cido este\u00e1rico, bisabolol, alcohol estear\u00edlico, ceramida NP, ceramida AP, ceramida EOP, Opuntia Ficus-Indica (Cactus de nopal), extracto de Saccharamyces Cerevisiae, tocoferol (vitamina E), goma biosac\u00e1rido-1, alanto\u00edna, fitoesfingosina, colesterol, poliglic\u00e9ridos de soja hidrogenados, aceite de soja hidrogenado, etilhexilglicerina, dimeticonol, pantenol, lactilato de lauroil s\u00f3dico, EDTA dis\u00f3dico, carb\u00f3mero, Alcano C15-23, Goma Xantana, Hidr\u00f3xido de Sodio, Fenoxietano.<\/p>","protected":false},"excerpt":{"rendered":"<p>Especialmente formulado con extractos de cactus y levadura para reducir significativamente la irritaci\u00f3n causada por los AHA y los retinoides. Esta f\u00f3rmula funciona regulando a la baja las enzimas de mol\u00e9culas de se\u00f1alizaci\u00f3n m\u00e1s importantes en la inflamaci\u00f3n, incluidas: COX2, IL-1\u03b1 e IL8. Esta regulaci\u00f3n hacia abajo calma la piel, elimina la irritaci\u00f3n y reduce el enrojecimiento. La Crema de Recuperaci\u00f3n Intensiva se mejora a\u00fan m\u00e1s con cuatro ceramidas diferentes para restaurar la funci\u00f3n de barrera de la piel que ayuda a la piel a mantener su estructura natural. El mantenimiento de esta estructura disminuye la p\u00e9rdida de agua y aumenta los factores de hidrataci\u00f3n naturales, que hidratan y protegen la piel y ayudan significativamente a la piel a recuperarse despu\u00e9s de la exposici\u00f3n al estr\u00e9s.<\/p>","protected":false},"featured_media":1214,"comment_status":"open","ping_status":"closed","template":"","meta":[],"product_brand":[],"product_cat":[20,39],"product_tag":[],"class_list":{"0":"post-1174","1":"product","2":"type-product","3":"status-publish","4":"has-post-thumbnail","6":"product_cat-face","7":"product_cat-glam-perception","9":"first","10":"instock","11":"taxable","12":"shipping-taxable","13":"purchasable","14":"product-type-simple"},"_links":{"self":[{"href":"https:\/\/www.glamperception.com\/es\/wp-json\/wp\/v2\/product\/1174","targetHints":{"allow":["GET"]}}],"collection":[{"href":"https:\/\/www.glamperception.com\/es\/wp-json\/wp\/v2\/product"}],"about":[{"href":"https:\/\/www.glamperception.com\/es\/wp-json\/wp\/v2\/types\/product"}],"replies":[{"embeddable":true,"href":"https:\/\/www.glamperception.com\/es\/wp-json\/wp\/v2\/comments?post=1174"}],"wp:featuredmedia":[{"embeddable":true,"href":"https:\/\/www.glamperception.com\/es\/wp-json\/wp\/v2\/media\/1214"}],"wp:attachment":[{"href":"https:\/\/www.glamperception.com\/es\/wp-json\/wp\/v2\/media?parent=1174"}],"wp:term":[{"taxonomy":"product_brand","embeddable":true,"href":"https:\/\/www.glamperception.com\/es\/wp-json\/wp\/v2\/product_brand?post=1174"},{"taxonomy":"product_cat","embeddable":true,"href":"https:\/\/www.glamperception.com\/es\/wp-json\/wp\/v2\/product_cat?post=1174"},{"taxonomy":"product_tag","embeddable":true,"href":"https:\/\/www.glamperception.com\/es\/wp-json\/wp\/v2\/product_tag?post=1174"}],"curies":[{"name":"wp","href":"https:\/\/api.w.org\/{rel}","templated":true}]}}