{"id":1171,"date":"2023-08-14T14:34:42","date_gmt":"2023-08-14T14:34:42","guid":{"rendered":"https:\/\/www.glamperception.com\/?post_type=product&#038;p=1171"},"modified":"2025-10-31T18:37:35","modified_gmt":"2025-10-31T18:37:35","slug":"clarifying-cleanser","status":"publish","type":"product","link":"https:\/\/www.glamperception.com\/es\/producto\/clarifying-cleanser\/","title":{"rendered":"Clarifying Cleanser"},"content":{"rendered":"<p>&nbsp;<\/p>\n<p>&nbsp;<\/p>\n<p style=\"text-align: center;\"><strong>INGREDIENTES<\/strong><\/p>\n<p><strong>Ingrediente Activo:<\/strong>: \u00c1cido Salic\u00edlico 2,0%.\u00a0 <strong>Ingredientes Inactivos<\/strong>: Agua, olefina sulfonato de sodio C14-16, cocamidopropil beta\u00edna, laureth sulfosuccinato dis\u00f3dico, diestearato de glicol, extracto de levadura, extracto de salvia sclarea (clara), extracto de ra\u00edz de Kaempferia galanga, extracto de germen de triticum vulgare (trigo), semilla de Aesculus hippocastanum (casta\u00f1o de indias) Extracto, extracto de ra\u00edz de Glycyrrhiza Glabra (regaliz), extracto de hoja de Olea Europaea (olivo), extracto de hoja\/tallo de Hedera Helix (hiedra), extracto de ra\u00edz de Arctium Lappa, aceite de c\u00e1scara de Citrus Aurantium Dulcis (naranja), aceite de Prunus Amygdalus Dulcis (almendra dulce) , Aceite de c\u00e1scara de Citrus Grandis (pomelo), Aceite de Citrus Aurantifolia (Lima), Aceite de ra\u00edz de Zingiber Officinale (jengibre), Aceite de fruta Citrus Aurantium Bergamia (bergamota), Aceite de Mentha Piperita (menta), Pantenol, Niacinamida, Glicerina, Mentol, Metil- cloroisotiazolinona, metilisotiazolinona, EDTA tetras\u00f3dico.<\/p>","protected":false},"excerpt":{"rendered":"<p>Una f\u00f3rmula \u00fanica sin sulfato ni parabenos, est\u00e1 especialmente formulada con el equilibrio perfecto de \u00e1cido salic\u00edlico y bot\u00e1nicos nutritivos para la piel. El \u00e1cido salic\u00edlico, un beta hidroxi\u00e1cido, tiene la capacidad de penetrar en el revestimiento de los poros y exfoliar el interior del poro, as\u00ed como la superficie de la piel, lo que lo hace efectivo para reducir los brotes. Clarifying Cleanser tambi\u00e9n est\u00e1 formulado con niacinamida para reducir el enrojecimiento y mejorar el aspecto general de la piel. Adem\u00e1s, la mezcla calmante de aceites y extractos bot\u00e1nicos proporciona una multitud de beneficios sin resecar demasiado la piel. Este producto limpia inmediatamente los poros en profundidad, eliminando las bacterias, las impurezas y la grasa que causan el acn\u00e9, dejando la piel suave, radiante y sin imperfecciones.<\/p>","protected":false},"featured_media":1211,"comment_status":"open","ping_status":"closed","template":"","meta":[],"product_brand":[],"product_cat":[20,39],"product_tag":[],"class_list":{"0":"post-1171","1":"product","2":"type-product","3":"status-publish","4":"has-post-thumbnail","6":"product_cat-face","7":"product_cat-glam-perception","9":"first","10":"instock","11":"taxable","12":"shipping-taxable","13":"purchasable","14":"product-type-simple"},"_links":{"self":[{"href":"https:\/\/www.glamperception.com\/es\/wp-json\/wp\/v2\/product\/1171","targetHints":{"allow":["GET"]}}],"collection":[{"href":"https:\/\/www.glamperception.com\/es\/wp-json\/wp\/v2\/product"}],"about":[{"href":"https:\/\/www.glamperception.com\/es\/wp-json\/wp\/v2\/types\/product"}],"replies":[{"embeddable":true,"href":"https:\/\/www.glamperception.com\/es\/wp-json\/wp\/v2\/comments?post=1171"}],"wp:featuredmedia":[{"embeddable":true,"href":"https:\/\/www.glamperception.com\/es\/wp-json\/wp\/v2\/media\/1211"}],"wp:attachment":[{"href":"https:\/\/www.glamperception.com\/es\/wp-json\/wp\/v2\/media?parent=1171"}],"wp:term":[{"taxonomy":"product_brand","embeddable":true,"href":"https:\/\/www.glamperception.com\/es\/wp-json\/wp\/v2\/product_brand?post=1171"},{"taxonomy":"product_cat","embeddable":true,"href":"https:\/\/www.glamperception.com\/es\/wp-json\/wp\/v2\/product_cat?post=1171"},{"taxonomy":"product_tag","embeddable":true,"href":"https:\/\/www.glamperception.com\/es\/wp-json\/wp\/v2\/product_tag?post=1171"}],"curies":[{"name":"wp","href":"https:\/\/api.w.org\/{rel}","templated":true}]}}