{"id":1170,"date":"2023-08-14T14:30:18","date_gmt":"2023-08-14T14:30:18","guid":{"rendered":"https:\/\/www.glamperception.com\/?post_type=product&#038;p=1170"},"modified":"2025-10-31T18:48:11","modified_gmt":"2025-10-31T18:48:11","slug":"ga-10-cleanser","status":"publish","type":"product","link":"https:\/\/www.glamperception.com\/es\/producto\/ga-10-cleanser\/","title":{"rendered":"GA-10 CLEANSER"},"content":{"rendered":"<p>&nbsp;<\/p>\n<p>&nbsp;<\/p>\n<p style=\"text-align: center;\"><strong>INGREDIENTES<\/strong><\/p>\n<p>Agua\/agua\/agua, \u00e1cido glic\u00f3lico, alcohol cet\u00edlico, sorbitol, hidr\u00f3xido de sodio, esteareth-21, butilenglicol, fenoxietanol, fosfato cet\u00edlico de potasio, goma xantana, etilhexilglicerina, \u00e1cido palm\u00edtico, pantenol (provitamina B5), EDTA dis\u00f3dico.<\/p>","protected":false},"excerpt":{"rendered":"<p>Limpia suavemente y exfolia la piel en una base de crema no irritante que deja la piel suave, hidratada y rejuvenecida. Este limpiador contiene \u00e1cido glic\u00f3lico al 10% y pro-vitamina-b5 en una base de crema no irritante para limpiar y exfoliar suavemente la piel dej\u00e1ndola suave, hidratada y rejuvenecida. El \u00e1cido glic\u00f3lico es una forma muy bien investigada de un \u00e1cido alfa hidroxi que ayuda a eliminar las c\u00e9lulas muertas de la piel proporcionando una tez clara y renovada. El sorbitol y el pantenol, conocidos como provitamina b5, son humectantes que atraen y fijan la humedad en la piel. En conjunto, todos estos ingredientes funcionan de forma sin\u00e9rgica para proporcionar un limpiador eficaz que limpia, prepara, exfolia, hidrata y equilibra la piel sin dejar de ser lo suficientemente suave para el uso diario.<\/p>","protected":false},"featured_media":1212,"comment_status":"open","ping_status":"closed","template":"","meta":[],"product_brand":[],"product_cat":[20,39],"product_tag":[],"class_list":{"0":"post-1170","1":"product","2":"type-product","3":"status-publish","4":"has-post-thumbnail","6":"product_cat-face","7":"product_cat-glam-perception","9":"first","10":"instock","11":"taxable","12":"shipping-taxable","13":"purchasable","14":"product-type-simple"},"_links":{"self":[{"href":"https:\/\/www.glamperception.com\/es\/wp-json\/wp\/v2\/product\/1170","targetHints":{"allow":["GET"]}}],"collection":[{"href":"https:\/\/www.glamperception.com\/es\/wp-json\/wp\/v2\/product"}],"about":[{"href":"https:\/\/www.glamperception.com\/es\/wp-json\/wp\/v2\/types\/product"}],"replies":[{"embeddable":true,"href":"https:\/\/www.glamperception.com\/es\/wp-json\/wp\/v2\/comments?post=1170"}],"wp:featuredmedia":[{"embeddable":true,"href":"https:\/\/www.glamperception.com\/es\/wp-json\/wp\/v2\/media\/1212"}],"wp:attachment":[{"href":"https:\/\/www.glamperception.com\/es\/wp-json\/wp\/v2\/media?parent=1170"}],"wp:term":[{"taxonomy":"product_brand","embeddable":true,"href":"https:\/\/www.glamperception.com\/es\/wp-json\/wp\/v2\/product_brand?post=1170"},{"taxonomy":"product_cat","embeddable":true,"href":"https:\/\/www.glamperception.com\/es\/wp-json\/wp\/v2\/product_cat?post=1170"},{"taxonomy":"product_tag","embeddable":true,"href":"https:\/\/www.glamperception.com\/es\/wp-json\/wp\/v2\/product_tag?post=1170"}],"curies":[{"name":"wp","href":"https:\/\/api.w.org\/{rel}","templated":true}]}}