{"id":1154,"date":"2023-08-11T18:17:15","date_gmt":"2023-08-11T18:17:15","guid":{"rendered":"https:\/\/www.glamperception.com\/?post_type=product&#038;p=1154"},"modified":"2025-10-31T18:29:47","modified_gmt":"2025-10-31T18:29:47","slug":"peptide-renewal","status":"publish","type":"product","link":"https:\/\/www.glamperception.com\/es\/producto\/peptide-renewal\/","title":{"rendered":"Peptide Renewal"},"content":{"rendered":"<p>&nbsp;<\/p>\n<p>&nbsp;<\/p>\n<p style=\"text-align: center;\"><strong>INGREDIENTES<\/strong><\/p>\n<p>Butyrospermum Parkii (Shea) Butter, Palmitoyl Dipeptide-5 Diami-nobutyroyl Hydroxythreonine, Palmitoyl Tripeptide-1, Palmitoyl, Tripeptide-5, Palmitoyl Tetrapeptide-7, Trifluoroacetyl Tripeptide-2, Ceramide NP, Ceramide AP, Ceramide EOP, Phytosphin, gosine, Allantoin, Tocopherol (Vitamin E).<\/p>","protected":false},"excerpt":{"rendered":"<p>Crema hidratante rica en p\u00e9ptidos, ceramidas, vitamina E y otros agentes restauradores de la piel formulada para luchar contra los signos del envejecimiento e hidratar la piel seca, restaurando un brillo saludable y juvenil. Los cinco complejos de p\u00e9ptidos de este innovador humectante estimulan la producci\u00f3n de col\u00e1geno, reparan el da\u00f1o visible de la piel, aumentan la apariencia de firmeza y elasticidad de la piel y reponen la superficie de la piel para calmar los signos visibles de sensibilizaci\u00f3n. Adem\u00e1s, las ceramidas presentes mejoran eficazmente el aspecto y la sensaci\u00f3n de la piel seca y deshidratada, mientras que la vitamina E protege la piel contra las agresiones ambientales y el da\u00f1o solar. Este producto vers\u00e1til es ideal para usar hasta dos veces al d\u00eda o seg\u00fan sea necesario para restaurar la hidrataci\u00f3n y luchar contra los signos del envejecimiento en la piel.<\/p>","protected":false},"featured_media":1218,"comment_status":"open","ping_status":"closed","template":"","meta":[],"product_brand":[],"product_cat":[20,39],"product_tag":[],"class_list":{"0":"post-1154","1":"product","2":"type-product","3":"status-publish","4":"has-post-thumbnail","6":"product_cat-face","7":"product_cat-glam-perception","9":"first","10":"instock","11":"taxable","12":"shipping-taxable","13":"purchasable","14":"product-type-simple"},"_links":{"self":[{"href":"https:\/\/www.glamperception.com\/es\/wp-json\/wp\/v2\/product\/1154","targetHints":{"allow":["GET"]}}],"collection":[{"href":"https:\/\/www.glamperception.com\/es\/wp-json\/wp\/v2\/product"}],"about":[{"href":"https:\/\/www.glamperception.com\/es\/wp-json\/wp\/v2\/types\/product"}],"replies":[{"embeddable":true,"href":"https:\/\/www.glamperception.com\/es\/wp-json\/wp\/v2\/comments?post=1154"}],"wp:featuredmedia":[{"embeddable":true,"href":"https:\/\/www.glamperception.com\/es\/wp-json\/wp\/v2\/media\/1218"}],"wp:attachment":[{"href":"https:\/\/www.glamperception.com\/es\/wp-json\/wp\/v2\/media?parent=1154"}],"wp:term":[{"taxonomy":"product_brand","embeddable":true,"href":"https:\/\/www.glamperception.com\/es\/wp-json\/wp\/v2\/product_brand?post=1154"},{"taxonomy":"product_cat","embeddable":true,"href":"https:\/\/www.glamperception.com\/es\/wp-json\/wp\/v2\/product_cat?post=1154"},{"taxonomy":"product_tag","embeddable":true,"href":"https:\/\/www.glamperception.com\/es\/wp-json\/wp\/v2\/product_tag?post=1154"}],"curies":[{"name":"wp","href":"https:\/\/api.w.org\/{rel}","templated":true}]}}